{"id":295,"date":"2021-05-27T16:27:46","date_gmt":"2021-05-27T16:27:46","guid":{"rendered":"http:\/\/www.erste-onko-dreieich.de\/index.php\/cookie-richtlinie-eu\/"},"modified":"2021-05-27T16:27:46","modified_gmt":"2021-05-27T16:27:46","slug":"cookie-richtlinie-eu","status":"publish","type":"page","link":"http:\/\/www.erste-onko-dreieich.de\/index.php\/cookie-richtlinie-eu\/","title":{"rendered":"Cookie-Richtlinie (EU)"},"content":{"rendered":"\n<!-- This legal document was generated by Complianz | GDPR\/CCPA Cookie Consent https:\/\/wordpress.org\/plugins\/complianz-gdpr -->\n<div id=\"cmplz-document\" class=\"cmplz-document cookie-statement\"><p><i>Diese Cookie-Richtlinie wurde zuletzt am Mai 27, 2021 aktualisiert und gilt f\u00fcr B\u00fcrger der Europ\u00e4ischen Wirtschaftszone.<\/i><\/p><h2>1. Einf\u00fchrung<\/h2><p>Unsere Website, <a href=\"http:\/\/www.erste-onko-dreieich.de\">http:\/\/www.erste-onko-dreieich.de<\/a> (im folgenden: &#8220;Die Website&#8221;) verwendet Cookies und \u00e4hnliche Technologien (der Einfachheit halber werden all diese unter &#8220;Cookies&#8221; zusammengefasst). Cookies werden au\u00dferdem von uns beauftragten Drittparteien platziert. In dem unten stehendem Dokument informieren wir dich \u00fcber die Verwendung von Cookies auf unserer Website.<\/p><h2>2. Was sind Cookies<\/h2><p>Ein Cookie ist eine einfache kleine Datei, die gemeinsam mit den Seiten einer Internetadresse versendet und vom Webbrowser auf dem PC oder einem anderen Ger\u00e4t gespeichert werden kann. Die darin gespeicherten Informationen k\u00f6nnen w\u00e4hrend folgender Besuche zu unseren oder den Servern relevanter Drittanbieter gesendet werden.<\/p><h2>3. Was sind Skripte?<\/h2><p>Ein Skript ist ein Teil des Programmcodes, mit dem unsere Website ordnungsgem\u00e4\u00df und interaktiv funktioniert. Dieser Code wird auf unserem Server oder auf deinem Ger\u00e4t ausgef\u00fchrt.<\/p><h2>4. Cookies<\/h2><p class=\"cmplz-subtitle\">4.1 Technische oder funktionelle Cookies<\/p><p>Einige Cookies stellen sicher, dass Teile unserer Website richtig funktionieren und deine Nutzervorlieben bekannt bleiben. Durch das Platzieren funktionaler Cookies machen wir es dir einfacher unsere Website zu besuchen. Auf diese Weise musst du bei Besuchen unserer Website nicht wiederholt die gleichen Informationen eingeben, oder deine Gegenst\u00e4nde bleiben beispielsweise in deinem Warenkorb bis du bezahlst. Wir k\u00f6nnen diese Cookies ohne dein Einverst\u00e4ndnis platzieren.<\/p><h2>5. Platzierte Cookies<\/h2><div id=\"cmplz-cookies-overview\"><details class=\"cmplz-dropdown cmplz-service-desc cmplz-dropdown-cookiepolicy \">\n\t<summary class=\"cmplz-service-header\"><div><h3>WordPress<\/h3><p>funktionelle<\/p><\/div><\/summary>\n\t    <div class=\"cmplz-service-description\">\n\t\t    <h4>Nutzung<\/h4>\n\t        <p>Wir verwenden WordPress f\u00fcr Website-Entwicklung. <a target=\"_blank\" rel=\"noopener noreferrer nofollow\" href=\"https:\/\/cookiedatabase.org\/service\/wordpress\">Weiterlesen<\/a><\/p>\n\t    <\/div>\n\t    <div class=\"cmplz-sharing-data\">\n\t        <h4>Weitergabe von Daten<\/h4>\n\t        <p>Diesen Daten werden nicht mit Drittparteien geteilt.<\/p>\n\t    <\/div>\n\t    <div class=\"cookies-per-purpose\">\n    <div class=\"purpose\"><h4>funktionelle<\/h4><\/div>\n    <div class=\"name-header\">\n\t<h5>Name<\/h5>\n<\/div>\n<div class=\"name\"><a target=\"_blank\" rel=\"noopener noreferrer nofollow\" href=\"https:\/\/cookiedatabase.org\/cookie\/wordpress\/wordpress_logged_in_0fccad09e111918db6363377b39bc8af\">wordpress_logged_in_*<\/a><\/div>\n<div class=\"retention-header\">\n\t<h5>Aufbewahrung<\/h5>\n<\/div>\n<div class=\"retention\">Sitzung<\/div>\n<div class=\"function-header\">\n\t<h5>Funktion<\/h5>\n<\/div>\n<div class=\"function\">Benutzer eingeloggt lassen<\/div>\n\n<\/div>\n<\/details>\n<\/div><h2>6. Deine Rechte in Bezug auf pers\u00f6nliche Daten<\/h2><p>Du hast in Bezug auf deine pers\u00f6nlichen Daten die folgenden Rechte:<\/p><ul>\n                    <li>Du hast das Recht zu wissen, warum deine pers\u00f6nlichen Daten gebraucht werden, was mit ihnen passiert und wie lange diese verwahrt werden.<\/li>\n                    <li>Zugriffsrecht: Du hast das Recht deine uns bekannten pers\u00f6nlichen Daten einzusehen.<\/li>\n                    <li>Recht auf Berichtigung: Du hast das Recht wann immer du w\u00fcnscht, deine pers\u00f6nlichen Daten zu erg\u00e4nzen, zu korrigieren sowie gel\u00f6scht oder blockiert zu bekommen.<\/li>\n                    <li>Wenn du uns dein Einverst\u00e4ndnis zur Verarbeitung deiner Daten gegeben hast, hast du das Recht dieses Einverst\u00e4ndnis zu widerrufen und deine pers\u00f6nlichen Daten l\u00f6schen zu lassen.<\/li>\n                    <li>Recht auf Datentransfer deiner Daten: Du hast das Recht, alle deine pers\u00f6nlichen Daten von einem Kontrolleur anzufordern und in ihrer Gesamtheit zu einem anderen Kontrolleur zu transferieren.<\/li>\n                    <li>Widerspruchsrecht: Du kannst der Verarbeitung deiner Daten widersprechen. Wir entsprechen dem, es sei denn es gibt berechtigte Gr\u00fcnde f\u00fcr die Verarbeitung.<\/li>\n                <\/ul><p>Um diese Rechte auszu\u00fcben kontaktiere uns bitte. Bitte beziehe dich auf die Kontaktdaten am Ende dieser Cookie-Erkl\u00e4rung. Wenn du eine Beschwerde dar\u00fcber hast, wie wir deine Daten behandeln, w\u00fcrden wir diese gerne h\u00f6ren, aber du hast auch das Recht diese an die Aufsichtsbeh\u00f6rde (der Datenschutzbeh\u00f6rde) zu richten.<\/p><h2>7. Aktivierung\/Deaktivierung und L\u00f6schen von Cookies<\/h2><p>Du kannst deinen Internetbrowser verwenden, um Cookies automatisch oder manuell zu l\u00f6schen. Du kannst auch festlegen, dass bestimmte Cookies m\u00f6glicherweise nicht platziert werden. Eine weitere M\u00f6glichkeit besteht darin, die Einstellungen deines Internetbrowsers so zu \u00e4ndern, dass du jedes Mal eine Nachricht erh\u00e4ltst, wenn ein Cookie gesetzt wird. Weitere Informationen zu diesen Optionen findest du in den Anweisungen im Hilfebereich deines Browsers.<\/p><p>Bitte nimm zur Kenntnis, dass unsere Website m\u00f6glicherweise nicht richtig funktioniert, wenn alle Cookies deaktiviert sind. Wenn du die Cookies in deinem Browser l\u00f6schst, werden diese neu platziert, wenn du unsere Website erneut besuchst.<\/p><h2>8. Kontaktdaten<\/h2><p>F\u00fcr Fragen und\/oder Kommentare \u00fcber unsere Cookie-Richtlinien und diese Aussage kontaktiere uns bitte mittels der folgenden Kontaktdaten:<\/p><p>Anette Karau<br>\n                    Liebknechtstrasse 54 63303 Dreieich<br>\n                    Deutschland<br>\n                    Website: <a href=\"http:\/\/www.erste-onko-dreieich.de\">http:\/\/www.erste-onko-dreieich.de<\/a> <br>\n                    E-Mail: <a href=\"mailto:in&#102;o&#064;erste&#045;onko-dreieich&#046;&#x64;e\">in&#102;o&#064;erste&#045;onko-dreieich&#046;&#x64;e<\/a> <br>\n                    Telefonnummer: 06103 2903832<br><\/p><p>Diese Cookie-Richtlinie wurde mit <a href=\"https:\/\/cookiedatabase.org\" target=\"_blank\">cookiedatabase.org<\/a> am Mai 27, 2021 synchronisiert<\/p><\/div>","protected":false},"excerpt":{"rendered":"","protected":false},"author":1,"featured_media":0,"parent":0,"menu_order":0,"comment_status":"closed","ping_status":"closed","template":"","meta":{"_et_pb_use_builder":"","_et_pb_old_content":"","_et_gb_content_width":""},"yoast_head":"<!-- This site is optimized with the Yoast SEO plugin v16.3 - https:\/\/yoast.com\/wordpress\/plugins\/seo\/ -->\n<title>Cookie-Richtlinie (EU) - Erste Onko Dreieich<\/title>\n<meta name=\"description\" content=\"Onkologische Kosmetik. Wir sind das erste Onkologische Kosmetik (Onkokosmetik) Studio in Dreieich.\" \/>\n<meta name=\"robots\" content=\"index, follow, max-snippet:-1, max-image-preview:large, max-video-preview:-1\" \/>\n<link rel=\"canonical\" href=\"http:\/\/www.erste-onko-dreieich.de\/index.php\/cookie-richtlinie-eu\/\" \/>\n<meta property=\"og:locale\" content=\"de_DE\" \/>\n<meta property=\"og:type\" content=\"article\" \/>\n<meta property=\"og:title\" content=\"Cookie-Richtlinie (EU) - Erste Onko Dreieich\" \/>\n<meta property=\"og:description\" content=\"Onkologische Kosmetik. Wir sind das erste Onkologische Kosmetik (Onkokosmetik) Studio in Dreieich.\" \/>\n<meta property=\"og:url\" content=\"http:\/\/www.erste-onko-dreieich.de\/index.php\/cookie-richtlinie-eu\/\" \/>\n<meta property=\"og:site_name\" content=\"Erste Onko Dreieich\" \/>\n<meta property=\"article:publisher\" content=\"https:\/\/www.facebook.com\/anette.braun.12\" \/>\n<meta property=\"og:image\" content=\"http:\/\/www.erste-onko-dreieich.de\/wp-content\/uploads\/2021\/04\/HautStruktur.png\" \/>\n\t<meta property=\"og:image:width\" content=\"2530\" \/>\n\t<meta property=\"og:image:height\" content=\"661\" \/>\n<meta name=\"twitter:card\" content=\"summary_large_image\" \/>\n<script type=\"application\/ld+json\" class=\"yoast-schema-graph\">{\"@context\":\"https:\/\/schema.org\",\"@graph\":[{\"@type\":\"Organization\",\"@id\":\"https:\/\/www.erste-onko-dreieich.de\/#organization\",\"name\":\"Erste Onko Dreieich\",\"url\":\"https:\/\/www.erste-onko-dreieich.de\/\",\"sameAs\":[\"https:\/\/www.facebook.com\/anette.braun.12\",\"https:\/\/instagram.com\/onkologische_kosmetik_dreieich\"],\"logo\":{\"@type\":\"ImageObject\",\"@id\":\"https:\/\/www.erste-onko-dreieich.de\/#logo\",\"inLanguage\":\"de-DE\",\"url\":\"http:\/\/www.erste-onko-dreieich.de\/wp-content\/uploads\/2021\/04\/HautStruktur.png\",\"contentUrl\":\"http:\/\/www.erste-onko-dreieich.de\/wp-content\/uploads\/2021\/04\/HautStruktur.png\",\"width\":2530,\"height\":661,\"caption\":\"Erste Onko Dreieich\"},\"image\":{\"@id\":\"https:\/\/www.erste-onko-dreieich.de\/#logo\"}},{\"@type\":\"WebSite\",\"@id\":\"https:\/\/www.erste-onko-dreieich.de\/#website\",\"url\":\"https:\/\/www.erste-onko-dreieich.de\/\",\"name\":\"Erste Onko Dreieich\",\"description\":\"Onkokosmetik\",\"publisher\":{\"@id\":\"https:\/\/www.erste-onko-dreieich.de\/#organization\"},\"potentialAction\":[{\"@type\":\"SearchAction\",\"target\":\"https:\/\/www.erste-onko-dreieich.de\/?s={search_term_string}\",\"query-input\":\"required name=search_term_string\"}],\"inLanguage\":\"de-DE\"},{\"@type\":\"WebPage\",\"@id\":\"http:\/\/www.erste-onko-dreieich.de\/index.php\/cookie-richtlinie-eu\/#webpage\",\"url\":\"http:\/\/www.erste-onko-dreieich.de\/index.php\/cookie-richtlinie-eu\/\",\"name\":\"Cookie-Richtlinie (EU) - Erste Onko Dreieich\",\"isPartOf\":{\"@id\":\"https:\/\/www.erste-onko-dreieich.de\/#website\"},\"datePublished\":\"2021-05-27T16:27:46+00:00\",\"dateModified\":\"2021-05-27T16:27:46+00:00\",\"description\":\"Onkologische Kosmetik. Wir sind das erste Onkologische Kosmetik (Onkokosmetik) Studio in Dreieich.\",\"breadcrumb\":{\"@id\":\"http:\/\/www.erste-onko-dreieich.de\/index.php\/cookie-richtlinie-eu\/#breadcrumb\"},\"inLanguage\":\"de-DE\",\"potentialAction\":[{\"@type\":\"ReadAction\",\"target\":[\"http:\/\/www.erste-onko-dreieich.de\/index.php\/cookie-richtlinie-eu\/\"]}]},{\"@type\":\"BreadcrumbList\",\"@id\":\"http:\/\/www.erste-onko-dreieich.de\/index.php\/cookie-richtlinie-eu\/#breadcrumb\",\"itemListElement\":[{\"@type\":\"ListItem\",\"position\":1,\"item\":{\"@type\":\"WebPage\",\"@id\":\"http:\/\/www.erste-onko-dreieich.de\/\",\"url\":\"http:\/\/www.erste-onko-dreieich.de\/\",\"name\":\"Startseite\"}},{\"@type\":\"ListItem\",\"position\":2,\"item\":{\"@id\":\"http:\/\/www.erste-onko-dreieich.de\/index.php\/cookie-richtlinie-eu\/#webpage\"}}]}]}<\/script>\n<!-- \/ Yoast SEO plugin. -->","_links":{"self":[{"href":"http:\/\/www.erste-onko-dreieich.de\/index.php\/wp-json\/wp\/v2\/pages\/295"}],"collection":[{"href":"http:\/\/www.erste-onko-dreieich.de\/index.php\/wp-json\/wp\/v2\/pages"}],"about":[{"href":"http:\/\/www.erste-onko-dreieich.de\/index.php\/wp-json\/wp\/v2\/types\/page"}],"author":[{"embeddable":true,"href":"http:\/\/www.erste-onko-dreieich.de\/index.php\/wp-json\/wp\/v2\/users\/1"}],"replies":[{"embeddable":true,"href":"http:\/\/www.erste-onko-dreieich.de\/index.php\/wp-json\/wp\/v2\/comments?post=295"}],"version-history":[{"count":0,"href":"http:\/\/www.erste-onko-dreieich.de\/index.php\/wp-json\/wp\/v2\/pages\/295\/revisions"}],"wp:attachment":[{"href":"http:\/\/www.erste-onko-dreieich.de\/index.php\/wp-json\/wp\/v2\/media?parent=295"}],"curies":[{"name":"wp","href":"https:\/\/api.w.org\/{rel}","templated":true}]}}